{"id":7571,"date":"2025-01-16T12:04:37","date_gmt":"2025-01-16T11:04:37","guid":{"rendered":"https:\/\/mgagarquitectos.com\/website\/?page_id=7571"},"modified":"2025-09-26T06:36:43","modified_gmt":"2025-09-26T04:36:43","slug":"casa-mike-oldfield-ibiza","status":"publish","type":"page","link":"https:\/\/mgagarquitectos.com\/website\/proyectos-arquitectura-ibiza\/casa-mike-oldfield-ibiza\/","title":{"rendered":"CASA MIKE OLDFIELD"},"content":{"rendered":"\t\t<div data-elementor-type=\"wp-page\" data-elementor-id=\"7571\" class=\"elementor elementor-7571\">\n\t\t\t\t<div class=\"has_eae_slider elementor-element elementor-element-73b2f3ec elementor-hidden-mobile e-flex e-con-boxed e-con e-parent\" data-id=\"73b2f3ec\" data-element_type=\"container\">\n\t\t\t\t\t<div class=\"e-con-inner\">\n\t\t<div class=\"has_eae_slider elementor-element elementor-element-5d017d5c e-con-full e-flex e-con e-child\" data-id=\"5d017d5c\" data-element_type=\"container\">\n\t\t\t\t<div class=\"elementor-element elementor-element-13543333 exad-sticky-section-no exad-glass-effect-no elementor-widget elementor-widget-image\" data-id=\"13543333\" data-element_type=\"widget\" data-widget_type=\"image.default\">\n\t\t\t\t<div class=\"elementor-widget-container\">\n\t\t\t\t\t\t\t\t\t\t\t\t\t\t\t<img fetchpriority=\"high\" decoding=\"async\" width=\"457\" height=\"223\" src=\"https:\/\/mgagarquitectos.com\/website\/wp-content\/uploads\/2025\/01\/SELLO-PREMIO.png\" class=\"attachment-large size-large wp-image-7324\" alt=\"\" srcset=\"https:\/\/mgagarquitectos.com\/website\/wp-content\/uploads\/2025\/01\/SELLO-PREMIO.png 457w, https:\/\/mgagarquitectos.com\/website\/wp-content\/uploads\/2025\/01\/SELLO-PREMIO-300x146.png 300w\" sizes=\"(max-width: 457px) 100vw, 457px\" \/>\t\t\t\t\t\t\t\t\t\t\t\t\t\t\t<\/div>\n\t\t\t\t<\/div>\n\t\t\t\t<\/div>\n\t\t<div class=\"has_eae_slider elementor-element elementor-element-59b10272 e-con-full e-flex e-con e-child\" data-id=\"59b10272\" data-element_type=\"container\">\n\t\t\t\t<\/div>\n\t\t<div class=\"has_eae_slider elementor-element elementor-element-3dc96517 e-con-full e-flex e-con e-child\" data-id=\"3dc96517\" data-element_type=\"container\">\n\t\t\t\t<\/div>\n\t\t\t\t\t<\/div>\n\t\t\t\t<\/div>\n\t\t<div class=\"has_eae_slider elementor-element elementor-element-467fff36 elementor-hidden-mobile e-flex e-con-boxed e-con e-parent\" data-id=\"467fff36\" data-element_type=\"container\">\n\t\t\t\t\t<div class=\"e-con-inner\">\n\t\t<div class=\"has_eae_slider elementor-element elementor-element-6446c062 e-con-full e-flex e-con e-child\" data-id=\"6446c062\" data-element_type=\"container\">\n\t\t\t\t<div class=\"elementor-element elementor-element-22869e69 exad-sticky-section-no exad-glass-effect-no elementor-widget elementor-widget-image\" data-id=\"22869e69\" data-element_type=\"widget\" data-widget_type=\"image.default\">\n\t\t\t\t<div class=\"elementor-widget-container\">\n\t\t\t\t\t\t\t\t\t\t\t\t\t\t\t<img fetchpriority=\"high\" decoding=\"async\" width=\"457\" height=\"223\" src=\"https:\/\/mgagarquitectos.com\/website\/wp-content\/uploads\/2025\/01\/SELLO-PREMIO.png\" class=\"attachment-large size-large wp-image-7324\" alt=\"\" srcset=\"https:\/\/mgagarquitectos.com\/website\/wp-content\/uploads\/2025\/01\/SELLO-PREMIO.png 457w, https:\/\/mgagarquitectos.com\/website\/wp-content\/uploads\/2025\/01\/SELLO-PREMIO-300x146.png 300w\" sizes=\"(max-width: 457px) 100vw, 457px\" \/>\t\t\t\t\t\t\t\t\t\t\t\t\t\t\t<\/div>\n\t\t\t\t<\/div>\n\t\t\t\t<\/div>\n\t\t<div class=\"has_eae_slider elementor-element elementor-element-e69dec5 e-con-full e-flex e-con e-child\" data-id=\"e69dec5\" data-element_type=\"container\">\n\t\t\t\t<\/div>\n\t\t<div class=\"has_eae_slider elementor-element elementor-element-3fc4a1b4 e-con-full e-flex e-con e-child\" data-id=\"3fc4a1b4\" data-element_type=\"container\">\n\t\t\t\t<\/div>\n\t\t\t\t\t<\/div>\n\t\t\t\t<\/div>\n\t\t<div class=\"has_eae_slider elementor-element elementor-element-201a4c28 e-con-full e-flex e-con e-parent\" data-id=\"201a4c28\" data-element_type=\"container\">\n\t\t<div class=\"has_eae_slider elementor-element elementor-element-80ad3bf e-con-full e-flex e-con e-child\" data-id=\"80ad3bf\" data-element_type=\"container\">\n\t\t\t\t<div class=\"elementor-element elementor-element-5d06678d exad-sticky-section-no exad-glass-effect-no elementor-widget elementor-widget-heading\" data-id=\"5d06678d\" data-element_type=\"widget\" data-widget_type=\"heading.default\">\n\t\t\t\t<div class=\"elementor-widget-container\">\n\t\t\t\t\t<h2 class=\"elementor-heading-title elementor-size-default\">VIVIENDA UNIFAMILIAR<\/h2>\t\t\t\t<\/div>\n\t\t\t\t<\/div>\n\t\t\t\t<div class=\"elementor-element elementor-element-92e787c exad-sticky-section-no exad-glass-effect-no elementor-widget elementor-widget-heading\" data-id=\"92e787c\" data-element_type=\"widget\" data-widget_type=\"heading.default\">\n\t\t\t\t<div class=\"elementor-widget-container\">\n\t\t\t\t\t<h2 class=\"elementor-heading-title elementor-size-default\">CASA MIKE OLDFIELD<\/h2>\t\t\t\t<\/div>\n\t\t\t\t<\/div>\n\t\t\t\t<\/div>\n\t\t\t\t<\/div>\n\t\t<div class=\"has_eae_slider elementor-element elementor-element-3efc9db9 e-flex e-con-boxed e-con e-parent\" data-id=\"3efc9db9\" data-element_type=\"container\" data-settings=\"{&quot;background_background&quot;:&quot;classic&quot;}\">\n\t\t\t\t\t<div class=\"e-con-inner\">\n\t\t<div class=\"has_eae_slider elementor-element elementor-element-35ee50df e-con-full e-flex e-con e-child\" data-id=\"35ee50df\" data-element_type=\"container\">\n\t\t\t\t<div class=\"elementor-element elementor-element-47f0166f exad-sticky-section-no exad-glass-effect-no elementor-widget elementor-widget-heading\" data-id=\"47f0166f\" data-element_type=\"widget\" data-widget_type=\"heading.default\">\n\t\t\t\t<div class=\"elementor-widget-container\">\n\t\t\t\t\t<h2 class=\"elementor-heading-title elementor-size-default\">ESTADO<\/h2>\t\t\t\t<\/div>\n\t\t\t\t<\/div>\n\t\t\t\t<div class=\"elementor-element elementor-element-3371a6cf exad-sticky-section-no exad-glass-effect-no elementor-widget elementor-widget-text-editor\" data-id=\"3371a6cf\" data-element_type=\"widget\" data-widget_type=\"text-editor.default\">\n\t\t\t\t<div class=\"elementor-widget-container\">\n\t\t\t\t\t\t\t\t\t<p>Construcci\u00f3n finalizada<\/p>\t\t\t\t\t\t\t\t<\/div>\n\t\t\t\t<\/div>\n\t\t\t\t<\/div>\n\t\t<div class=\"has_eae_slider elementor-element elementor-element-470e2692 e-con-full e-flex e-con e-child\" data-id=\"470e2692\" data-element_type=\"container\">\n\t\t\t\t<div class=\"elementor-element elementor-element-299b1c24 exad-sticky-section-no exad-glass-effect-no elementor-widget elementor-widget-heading\" data-id=\"299b1c24\" data-element_type=\"widget\" data-widget_type=\"heading.default\">\n\t\t\t\t<div class=\"elementor-widget-container\">\n\t\t\t\t\t<h2 class=\"elementor-heading-title elementor-size-default\">LOCALIZACI\u00d3N<\/h2>\t\t\t\t<\/div>\n\t\t\t\t<\/div>\n\t\t\t\t<div class=\"elementor-element elementor-element-603389ec exad-sticky-section-no exad-glass-effect-no elementor-widget elementor-widget-text-editor\" data-id=\"603389ec\" data-element_type=\"widget\" data-widget_type=\"text-editor.default\">\n\t\t\t\t<div class=\"elementor-widget-container\">\n\t\t\t\t\t\t\t\t\t<p>Es Cubells. San Jos\u00e9 De Sa Talaia. Ibiza.<\/p>\t\t\t\t\t\t\t\t<\/div>\n\t\t\t\t<\/div>\n\t\t\t\t<\/div>\n\t\t<div class=\"has_eae_slider elementor-element elementor-element-21c755cb e-con-full e-flex e-con e-child\" data-id=\"21c755cb\" data-element_type=\"container\" data-settings=\"{&quot;background_background&quot;:&quot;classic&quot;}\">\n\t\t\t\t<div class=\"elementor-element elementor-element-1ed734a4 elementor-align-right elementor-hidden-mobile exad-sticky-section-no exad-glass-effect-no elementor-widget elementor-widget-button\" data-id=\"1ed734a4\" data-element_type=\"widget\" data-widget_type=\"button.default\">\n\t\t\t\t<div class=\"elementor-widget-container\">\n\t\t\t\t\t\t\t\t\t<div class=\"elementor-button-wrapper\">\n\t\t\t\t\t<a class=\"elementor-button elementor-button-link elementor-size-sm\" href=\"https:\/\/mgagarquitectos.com\/website\/proyectos\/\">\n\t\t\t\t\t\t<span class=\"elementor-button-content-wrapper\">\n\t\t\t\t\t\t\t\t\t<span class=\"elementor-button-text\">X<\/span>\n\t\t\t\t\t<\/span>\n\t\t\t\t\t<\/a>\n\t\t\t\t<\/div>\n\t\t\t\t\t\t\t\t<\/div>\n\t\t\t\t<\/div>\n\t\t\t\t<\/div>\n\t\t<div class=\"has_eae_slider elementor-element elementor-element-1b1434fa e-con-full e-flex e-con e-child\" data-id=\"1b1434fa\" data-element_type=\"container\">\n\t\t\t\t<div class=\"elementor-element elementor-element-62cb68ed exad-sticky-section-no exad-glass-effect-no elementor-widget elementor-widget-heading\" data-id=\"62cb68ed\" data-element_type=\"widget\" data-widget_type=\"heading.default\">\n\t\t\t\t<div class=\"elementor-widget-container\">\n\t\t\t\t\t<h2 class=\"elementor-heading-title elementor-size-default\">PROYECTO<\/h2>\t\t\t\t<\/div>\n\t\t\t\t<\/div>\n\t\t\t\t<div class=\"elementor-element elementor-element-433b7042 exad-sticky-section-no exad-glass-effect-no elementor-widget elementor-widget-text-editor\" data-id=\"433b7042\" data-element_type=\"widget\" data-widget_type=\"text-editor.default\">\n\t\t\t\t<div class=\"elementor-widget-container\">\n\t\t\t\t\t\t\t\t\t<p>Vivienda unifamiliar<\/p>\t\t\t\t\t\t\t\t<\/div>\n\t\t\t\t<\/div>\n\t\t\t\t<\/div>\n\t\t\t\t\t<\/div>\n\t\t\t\t<\/div>\n\t\t\t\t<section class=\"has_eae_slider elementor-section elementor-top-section elementor-element elementor-element-66930937 elementor-section-full_width elementor-section-height-default elementor-section-height-default exad-sticky-section-no\" data-id=\"66930937\" data-element_type=\"section\">\n\t\t\t\t\t\t<div class=\"elementor-container elementor-column-gap-no\">\n\t\t\t\t\t<div class=\"has_eae_slider elementor-column elementor-col-100 elementor-top-column elementor-element elementor-element-7d7d2b0d exad-glass-effect-no exad-sticky-section-no\" data-id=\"7d7d2b0d\" data-element_type=\"column\">\n\t\t\t<div class=\"elementor-widget-wrap elementor-element-populated\">\n\t\t\t\t\t\t<div class=\"elementor-element elementor-element-4c0b057f exad-sticky-section-no exad-glass-effect-no elementor-widget elementor-widget-jkit_gallery\" data-id=\"4c0b057f\" data-element_type=\"widget\" data-widget_type=\"jkit_gallery.default\">\n\t\t\t\t<div class=\"elementor-widget-container\">\n\t\t\t\t\t<div  class=\"jeg-elementor-kit jkit-gallery layout-overlay jeg_module___69e89aeb2f2a7\"  data-grid=\"grid\" data-id=\"jeg_module___69e89aeb2f2a7\" data-per-page=\"1000\" data-load-more=\"0\" data-current-loaded=\"3\" data-count-items=\"3\" data-animation-duration=\"500\" data-no-more=\"No More Item\" data-items=\"[&quot;&lt;div class=\\&quot;gallery-item-wrap \\&quot;&gt; &lt;div class=\\&quot;grid-item\\&quot;&gt;&lt;div class=\\&quot;thumbnail-wrap\\&quot;&gt;&lt;img width=\\&quot;900\\&quot; height=\\&quot;569\\&quot; src=\\&quot;https:\\\/\\\/mgagarquitectos.com\\\/website\\\/wp-content\\\/uploads\\\/2025\\\/01\\\/Casa-Mike-Oldfield-1-1-1024x647.jpeg\\&quot; class=\\&quot;attachment-large size-large\\&quot; alt=\\&quot;\\&quot; url=\\&quot;https:\\\/\\\/mgagarquitectos.com\\\/website\\\/wp-content\\\/uploads\\\/2025\\\/01\\\/Casa-Mike-Oldfield-1-1.jpeg\\&quot; source=\\&quot;library\\&quot; srcset=\\&quot;https:\\\/\\\/mgagarquitectos.com\\\/website\\\/wp-content\\\/uploads\\\/2025\\\/01\\\/Casa-Mike-Oldfield-1-1-1024x647.jpeg 1024w, https:\\\/\\\/mgagarquitectos.com\\\/website\\\/wp-content\\\/uploads\\\/2025\\\/01\\\/Casa-Mike-Oldfield-1-1-300x190.jpeg 300w, https:\\\/\\\/mgagarquitectos.com\\\/website\\\/wp-content\\\/uploads\\\/2025\\\/01\\\/Casa-Mike-Oldfield-1-1-768x485.jpeg 768w, https:\\\/\\\/mgagarquitectos.com\\\/website\\\/wp-content\\\/uploads\\\/2025\\\/01\\\/Casa-Mike-Oldfield-1-1.jpeg 1200w\\&quot; sizes=\\&quot;(max-width: 900px) 100vw, 900px\\&quot; \\\/&gt;&lt;\\\/div&gt;&lt;a href=\\&quot;https:\\\/\\\/mgagarquitectos.com\\\/website\\\/wp-content\\\/uploads\\\/2025\\\/01\\\/Casa-Mike-Oldfield-1-1.jpeg\\&quot; class=\\&quot;gallery-link\\&quot; data-elementor-open-lightbox=\\&quot;yes\\&quot; data-elementor-lightbox-slideshow=\\&quot;jkit_gallery_lightbox_jeg_module___69e89aeb2f2a7\\&quot;&gt;&lt;div class=\\&quot;caption-wrap style-overlay overlay-overlay\\&quot;&gt; &lt;div class=\\&quot;item-hover-bg\\&quot;&gt;&lt;\\\/div&gt; &lt;div class=\\&quot;item-caption-over\\&quot;&gt; &lt;h5 class=\\&quot;item-title\\&quot;&gt;&lt;\\\/h5&gt; &lt;div class=\\&quot;item-content\\&quot;&gt;&lt;\\\/div&gt; &lt;\\\/div&gt; &lt;div class=\\&quot;caption-head\\&quot;&gt;&lt;\\\/div&gt; &lt;div class=\\&quot;caption-category\\&quot;&gt;&lt;\\\/div&gt; &lt;\\\/div&gt;&lt;\\\/a&gt;&lt;\\\/div&gt; &lt;\\\/div&gt;&quot;,&quot;&lt;div class=\\&quot;gallery-item-wrap \\&quot;&gt; &lt;div class=\\&quot;grid-item\\&quot;&gt;&lt;div class=\\&quot;thumbnail-wrap\\&quot;&gt;&lt;img width=\\&quot;900\\&quot; height=\\&quot;891\\&quot; src=\\&quot;https:\\\/\\\/mgagarquitectos.com\\\/website\\\/wp-content\\\/uploads\\\/2025\\\/01\\\/Casa-Mike-Oldfield-2.jpeg\\&quot; class=\\&quot;attachment-large size-large\\&quot; alt=\\&quot;\\&quot; url=\\&quot;https:\\\/\\\/mgagarquitectos.com\\\/website\\\/wp-content\\\/uploads\\\/2025\\\/01\\\/Casa-Mike-Oldfield-2.jpeg\\&quot; source=\\&quot;library\\&quot; srcset=\\&quot;https:\\\/\\\/mgagarquitectos.com\\\/website\\\/wp-content\\\/uploads\\\/2025\\\/01\\\/Casa-Mike-Oldfield-2.jpeg 950w, https:\\\/\\\/mgagarquitectos.com\\\/website\\\/wp-content\\\/uploads\\\/2025\\\/01\\\/Casa-Mike-Oldfield-2-300x297.jpeg 300w, https:\\\/\\\/mgagarquitectos.com\\\/website\\\/wp-content\\\/uploads\\\/2025\\\/01\\\/Casa-Mike-Oldfield-2-150x150.jpeg 150w, https:\\\/\\\/mgagarquitectos.com\\\/website\\\/wp-content\\\/uploads\\\/2025\\\/01\\\/Casa-Mike-Oldfield-2-768x760.jpeg 768w\\&quot; sizes=\\&quot;(max-width: 900px) 100vw, 900px\\&quot; \\\/&gt;&lt;\\\/div&gt;&lt;a href=\\&quot;https:\\\/\\\/mgagarquitectos.com\\\/website\\\/wp-content\\\/uploads\\\/2025\\\/01\\\/Casa-Mike-Oldfield-2.jpeg\\&quot; class=\\&quot;gallery-link\\&quot; data-elementor-open-lightbox=\\&quot;yes\\&quot; data-elementor-lightbox-slideshow=\\&quot;jkit_gallery_lightbox_jeg_module___69e89aeb2f2a7\\&quot;&gt;&lt;div class=\\&quot;caption-wrap style-overlay overlay-overlay\\&quot;&gt; &lt;div class=\\&quot;item-hover-bg\\&quot;&gt;&lt;\\\/div&gt; &lt;div class=\\&quot;item-caption-over\\&quot;&gt; &lt;h5 class=\\&quot;item-title\\&quot;&gt;&lt;\\\/h5&gt; &lt;div class=\\&quot;item-content\\&quot;&gt;&lt;\\\/div&gt; &lt;\\\/div&gt; &lt;div class=\\&quot;caption-head\\&quot;&gt;&lt;\\\/div&gt; &lt;div class=\\&quot;caption-category\\&quot;&gt;&lt;\\\/div&gt; &lt;\\\/div&gt;&lt;\\\/a&gt;&lt;\\\/div&gt; &lt;\\\/div&gt;&quot;,&quot;&lt;div class=\\&quot;gallery-item-wrap \\&quot;&gt; &lt;div class=\\&quot;grid-item\\&quot;&gt;&lt;div class=\\&quot;thumbnail-wrap\\&quot;&gt;&lt;img width=\\&quot;500\\&quot; height=\\&quot;500\\&quot; src=\\&quot;https:\\\/\\\/mgagarquitectos.com\\\/website\\\/wp-content\\\/uploads\\\/2025\\\/01\\\/Casa-Mike-Oldfield-3.jpeg\\&quot; class=\\&quot;attachment-large size-large\\&quot; alt=\\&quot;\\&quot; url=\\&quot;https:\\\/\\\/mgagarquitectos.com\\\/website\\\/wp-content\\\/uploads\\\/2025\\\/01\\\/Casa-Mike-Oldfield-3.jpeg\\&quot; source=\\&quot;library\\&quot; srcset=\\&quot;https:\\\/\\\/mgagarquitectos.com\\\/website\\\/wp-content\\\/uploads\\\/2025\\\/01\\\/Casa-Mike-Oldfield-3.jpeg 500w, https:\\\/\\\/mgagarquitectos.com\\\/website\\\/wp-content\\\/uploads\\\/2025\\\/01\\\/Casa-Mike-Oldfield-3-300x300.jpeg 300w, https:\\\/\\\/mgagarquitectos.com\\\/website\\\/wp-content\\\/uploads\\\/2025\\\/01\\\/Casa-Mike-Oldfield-3-150x150.jpeg 150w, https:\\\/\\\/mgagarquitectos.com\\\/website\\\/wp-content\\\/uploads\\\/2025\\\/01\\\/Casa-Mike-Oldfield-3-160x160.jpeg 160w, https:\\\/\\\/mgagarquitectos.com\\\/website\\\/wp-content\\\/uploads\\\/2025\\\/01\\\/Casa-Mike-Oldfield-3-320x320.jpeg 320w\\&quot; sizes=\\&quot;(max-width: 500px) 100vw, 500px\\&quot; \\\/&gt;&lt;\\\/div&gt;&lt;a href=\\&quot;https:\\\/\\\/mgagarquitectos.com\\\/website\\\/wp-content\\\/uploads\\\/2025\\\/01\\\/Casa-Mike-Oldfield-3.jpeg\\&quot; class=\\&quot;gallery-link\\&quot; data-elementor-open-lightbox=\\&quot;yes\\&quot; data-elementor-lightbox-slideshow=\\&quot;jkit_gallery_lightbox_jeg_module___69e89aeb2f2a7\\&quot;&gt;&lt;div class=\\&quot;caption-wrap style-overlay overlay-overlay\\&quot;&gt; &lt;div class=\\&quot;item-hover-bg\\&quot;&gt;&lt;\\\/div&gt; &lt;div class=\\&quot;item-caption-over\\&quot;&gt; &lt;h5 class=\\&quot;item-title\\&quot;&gt;&lt;\\\/h5&gt; &lt;div class=\\&quot;item-content\\&quot;&gt;&lt;\\\/div&gt; &lt;\\\/div&gt; &lt;div class=\\&quot;caption-head\\&quot;&gt;&lt;\\\/div&gt; &lt;div class=\\&quot;caption-category\\&quot;&gt;&lt;\\\/div&gt; &lt;\\\/div&gt;&lt;\\\/a&gt;&lt;\\\/div&gt; &lt;\\\/div&gt;&quot;]\">\n            <div class=\"gallery-items\"><div class=\"gallery-item-wrap \"> <div class=\"grid-item\"><div class=\"thumbnail-wrap\"><img decoding=\"async\" width=\"900\" height=\"569\" src=\"https:\/\/mgagarquitectos.com\/website\/wp-content\/uploads\/2025\/01\/Casa-Mike-Oldfield-1-1-1024x647.jpeg\" class=\"attachment-large size-large\" alt=\"\" url=\"https:\/\/mgagarquitectos.com\/website\/wp-content\/uploads\/2025\/01\/Casa-Mike-Oldfield-1-1.jpeg\" source=\"library\" srcset=\"https:\/\/mgagarquitectos.com\/website\/wp-content\/uploads\/2025\/01\/Casa-Mike-Oldfield-1-1-1024x647.jpeg 1024w, https:\/\/mgagarquitectos.com\/website\/wp-content\/uploads\/2025\/01\/Casa-Mike-Oldfield-1-1-300x190.jpeg 300w, https:\/\/mgagarquitectos.com\/website\/wp-content\/uploads\/2025\/01\/Casa-Mike-Oldfield-1-1-768x485.jpeg 768w, https:\/\/mgagarquitectos.com\/website\/wp-content\/uploads\/2025\/01\/Casa-Mike-Oldfield-1-1.jpeg 1200w\" sizes=\"(max-width: 900px) 100vw, 900px\" \/><\/div><a href=\"https:\/\/mgagarquitectos.com\/website\/wp-content\/uploads\/2025\/01\/Casa-Mike-Oldfield-1-1.jpeg\" class=\"gallery-link\" data-elementor-open-lightbox=\"yes\" data-elementor-lightbox-slideshow=\"jkit_gallery_lightbox_jeg_module___69e89aeb2f2a7\"><div class=\"caption-wrap style-overlay overlay-overlay\"> <div class=\"item-hover-bg\"><\/div> <div class=\"item-caption-over\"> <h5 class=\"item-title\"><\/h5> <div class=\"item-content\"><\/div> <\/div> <div class=\"caption-head\"><\/div> <div class=\"caption-category\"><\/div> <\/div><\/a><\/div> <\/div><div class=\"gallery-item-wrap \"> <div class=\"grid-item\"><div class=\"thumbnail-wrap\"><img decoding=\"async\" width=\"900\" height=\"891\" src=\"https:\/\/mgagarquitectos.com\/website\/wp-content\/uploads\/2025\/01\/Casa-Mike-Oldfield-2.jpeg\" class=\"attachment-large size-large\" alt=\"\" url=\"https:\/\/mgagarquitectos.com\/website\/wp-content\/uploads\/2025\/01\/Casa-Mike-Oldfield-2.jpeg\" source=\"library\" srcset=\"https:\/\/mgagarquitectos.com\/website\/wp-content\/uploads\/2025\/01\/Casa-Mike-Oldfield-2.jpeg 950w, https:\/\/mgagarquitectos.com\/website\/wp-content\/uploads\/2025\/01\/Casa-Mike-Oldfield-2-300x297.jpeg 300w, https:\/\/mgagarquitectos.com\/website\/wp-content\/uploads\/2025\/01\/Casa-Mike-Oldfield-2-150x150.jpeg 150w, https:\/\/mgagarquitectos.com\/website\/wp-content\/uploads\/2025\/01\/Casa-Mike-Oldfield-2-768x760.jpeg 768w\" sizes=\"(max-width: 900px) 100vw, 900px\" \/><\/div><a href=\"https:\/\/mgagarquitectos.com\/website\/wp-content\/uploads\/2025\/01\/Casa-Mike-Oldfield-2.jpeg\" class=\"gallery-link\" data-elementor-open-lightbox=\"yes\" data-elementor-lightbox-slideshow=\"jkit_gallery_lightbox_jeg_module___69e89aeb2f2a7\"><div class=\"caption-wrap style-overlay overlay-overlay\"> <div class=\"item-hover-bg\"><\/div> <div class=\"item-caption-over\"> <h5 class=\"item-title\"><\/h5> <div class=\"item-content\"><\/div> <\/div> <div class=\"caption-head\"><\/div> <div class=\"caption-category\"><\/div> <\/div><\/a><\/div> <\/div><div class=\"gallery-item-wrap \"> <div class=\"grid-item\"><div class=\"thumbnail-wrap\"><img loading=\"lazy\" decoding=\"async\" width=\"500\" height=\"500\" src=\"https:\/\/mgagarquitectos.com\/website\/wp-content\/uploads\/2025\/01\/Casa-Mike-Oldfield-3.jpeg\" class=\"attachment-large size-large\" alt=\"\" url=\"https:\/\/mgagarquitectos.com\/website\/wp-content\/uploads\/2025\/01\/Casa-Mike-Oldfield-3.jpeg\" source=\"library\" srcset=\"https:\/\/mgagarquitectos.com\/website\/wp-content\/uploads\/2025\/01\/Casa-Mike-Oldfield-3.jpeg 500w, https:\/\/mgagarquitectos.com\/website\/wp-content\/uploads\/2025\/01\/Casa-Mike-Oldfield-3-300x300.jpeg 300w, https:\/\/mgagarquitectos.com\/website\/wp-content\/uploads\/2025\/01\/Casa-Mike-Oldfield-3-150x150.jpeg 150w, https:\/\/mgagarquitectos.com\/website\/wp-content\/uploads\/2025\/01\/Casa-Mike-Oldfield-3-160x160.jpeg 160w, https:\/\/mgagarquitectos.com\/website\/wp-content\/uploads\/2025\/01\/Casa-Mike-Oldfield-3-320x320.jpeg 320w\" sizes=\"(max-width: 500px) 100vw, 500px\" \/><\/div><a href=\"https:\/\/mgagarquitectos.com\/website\/wp-content\/uploads\/2025\/01\/Casa-Mike-Oldfield-3.jpeg\" class=\"gallery-link\" data-elementor-open-lightbox=\"yes\" data-elementor-lightbox-slideshow=\"jkit_gallery_lightbox_jeg_module___69e89aeb2f2a7\"><div class=\"caption-wrap style-overlay overlay-overlay\"> <div class=\"item-hover-bg\"><\/div> <div class=\"item-caption-over\"> <h5 class=\"item-title\"><\/h5> <div class=\"item-content\"><\/div> <\/div> <div class=\"caption-head\"><\/div> <div class=\"caption-category\"><\/div> <\/div><\/a><\/div> <\/div><\/div>\n            <div class=\"load-more-items\"><\/div><\/div>\t\t\t\t<\/div>\n\t\t\t\t<\/div>\n\t\t\t\t\t<\/div>\n\t\t<\/div>\n\t\t\t\t\t<\/div>\n\t\t<\/section>\n\t\t<div class=\"has_eae_slider elementor-element elementor-element-5d20b503 e-con-full elementor-hidden-desktop elementor-hidden-tablet elementor-hidden-mobile e-flex e-con e-parent\" data-id=\"5d20b503\" data-element_type=\"container\">\n\t\t<div class=\"has_eae_slider elementor-element elementor-element-25b49d61 e-con-full e-flex e-con e-child\" data-id=\"25b49d61\" data-element_type=\"container\">\n\t\t\t\t<div class=\"elementor-element elementor-element-49738d15 exad-sticky-section-no exad-glass-effect-no elementor-widget elementor-widget-text-editor\" data-id=\"49738d15\" data-element_type=\"widget\" data-widget_type=\"text-editor.default\">\n\t\t\t\t<div class=\"elementor-widget-container\">\n\t\t\t\t\t\t\t\t\t<p>Architecture lonon lorem ac erat suscipit bibendum. Nulla facilisi. Sedeuter nunc volutpat, mollis sapien vel, conseyer turpeutionyer masin libero sempe. Fusceler mollis augue sit amet hendrerit vestibulum. Duisteyerionyer venenatis lacus. Villa gravida eros ut turpis interdum ornare. Interdum et malesu they adamale fames ac anteipsu pimsine faucibus. Curabitur arcu site feugiat in torto.<br \/><br \/>Nedana theme erodino setlie suscipe no curabit tristique. Fobes inilla duiman at elit finibus viverra nec a drudea seneoice misus lacus themo the drudea seneoice misuscive non sagie duiman at elit the fermen.<\/p><ul class=\"about-list mt-30\"><li><div class=\"icon\">\u00a0<\/div><div class=\"text\"><p>Architecture the inila duman aten fermen.<\/p><\/div><\/li><li><div class=\"icon\">\u00a0<\/div><div class=\"text\"><p>The design architecture duiman finibus.<\/p><\/div><\/li><li><div class=\"icon\">\u00a0<\/div><div class=\"text\"><p>Placus udeane sene voice miss cuse aten.<\/p><\/div><\/li><\/ul>\t\t\t\t\t\t\t\t<\/div>\n\t\t\t\t<\/div>\n\t\t\t\t<\/div>\n\t\t\t\t<\/div>\n\t\t\t\t<\/div>\n\t\t","protected":false},"excerpt":{"rendered":"<p>VIVIENDA UNIFAMILIAR CASA MIKE OLDFIELD ESTADO Construcci\u00f3n finalizada LOCALIZACI\u00d3N Es Cubells. San Jos\u00e9 De Sa Talaia. Ibiza. X PROYECTO Vivienda unifamiliar Architecture lonon lorem ac erat suscipit bibendum. Nulla facilisi. Sedeuter nunc volutpat, mollis sapien vel, conseyer turpeutionyer masin libero sempe. Fusceler mollis augue sit amet hendrerit vestibulum. Duisteyerionyer venenatis lacus. Villa gravida eros ut [&hellip;]<\/p>\n","protected":false},"author":8,"featured_media":0,"parent":7329,"menu_order":0,"comment_status":"closed","ping_status":"closed","template":"page-templates\/home-sidebar-template.php","meta":{"inline_featured_image":false,"footnotes":""},"class_list":["post-7571","page","type-page","status-publish","hentry"],"_links":{"self":[{"href":"https:\/\/mgagarquitectos.com\/website\/wp-json\/wp\/v2\/pages\/7571","targetHints":{"allow":["GET"]}}],"collection":[{"href":"https:\/\/mgagarquitectos.com\/website\/wp-json\/wp\/v2\/pages"}],"about":[{"href":"https:\/\/mgagarquitectos.com\/website\/wp-json\/wp\/v2\/types\/page"}],"author":[{"embeddable":true,"href":"https:\/\/mgagarquitectos.com\/website\/wp-json\/wp\/v2\/users\/8"}],"replies":[{"embeddable":true,"href":"https:\/\/mgagarquitectos.com\/website\/wp-json\/wp\/v2\/comments?post=7571"}],"version-history":[{"count":20,"href":"https:\/\/mgagarquitectos.com\/website\/wp-json\/wp\/v2\/pages\/7571\/revisions"}],"predecessor-version":[{"id":12410,"href":"https:\/\/mgagarquitectos.com\/website\/wp-json\/wp\/v2\/pages\/7571\/revisions\/12410"}],"up":[{"embeddable":true,"href":"https:\/\/mgagarquitectos.com\/website\/wp-json\/wp\/v2\/pages\/7329"}],"wp:attachment":[{"href":"https:\/\/mgagarquitectos.com\/website\/wp-json\/wp\/v2\/media?parent=7571"}],"curies":[{"name":"wp","href":"https:\/\/api.w.org\/{rel}","templated":true}]}}