{"id":8356,"date":"2025-01-20T18:54:34","date_gmt":"2025-01-20T17:54:34","guid":{"rendered":"https:\/\/mgagarquitectos.com\/website\/?page_id=8356"},"modified":"2025-09-30T06:48:29","modified_gmt":"2025-09-30T04:48:29","slug":"equipo-arquitectos-ibiza","status":"publish","type":"page","link":"https:\/\/mgagarquitectos.com\/website\/equipo-arquitectos-ibiza\/","title":{"rendered":"EQUIPO"},"content":{"rendered":"\t\t<div data-elementor-type=\"wp-page\" data-elementor-id=\"8356\" class=\"elementor elementor-8356\">\n\t\t\t\t<div class=\"has_eae_slider elementor-element elementor-element-9f8f41c e-con-full e-flex e-con e-parent\" data-id=\"9f8f41c\" data-element_type=\"container\">\n\t\t\t\t<div class=\"elementor-element elementor-element-21a03ff exad-sticky-section-no exad-glass-effect-no elementor-widget elementor-widget-image\" data-id=\"21a03ff\" data-element_type=\"widget\" data-widget_type=\"image.default\">\n\t\t\t\t<div class=\"elementor-widget-container\">\n\t\t\t\t\t\t\t\t\t\t\t\t\t\t\t<img fetchpriority=\"high\" decoding=\"async\" width=\"900\" height=\"506\" src=\"https:\/\/mgagarquitectos.com\/website\/wp-content\/uploads\/2022\/01\/11-1024x576.jpg\" class=\"attachment-large size-large wp-image-67\" alt=\"\" srcset=\"https:\/\/mgagarquitectos.com\/website\/wp-content\/uploads\/2022\/01\/11-1024x576.jpg 1024w, https:\/\/mgagarquitectos.com\/website\/wp-content\/uploads\/2022\/01\/11-300x169.jpg 300w, https:\/\/mgagarquitectos.com\/website\/wp-content\/uploads\/2022\/01\/11-768x432.jpg 768w, https:\/\/mgagarquitectos.com\/website\/wp-content\/uploads\/2022\/01\/11-1536x864.jpg 1536w, https:\/\/mgagarquitectos.com\/website\/wp-content\/uploads\/2022\/01\/11.jpg 1920w\" sizes=\"(max-width: 900px) 100vw, 900px\" \/>\t\t\t\t\t\t\t\t\t\t\t\t\t\t\t<\/div>\n\t\t\t\t<\/div>\n\t\t\t\t<\/div>\n\t\t<div class=\"has_eae_slider elementor-element elementor-element-39ecb4c e-flex e-con-boxed e-con e-parent\" data-id=\"39ecb4c\" data-element_type=\"container\">\n\t\t\t\t\t<div class=\"e-con-inner\">\n\t\t<div class=\"has_eae_slider elementor-element elementor-element-2ee66b4 e-con-full e-flex e-con e-child\" data-id=\"2ee66b4\" data-element_type=\"container\">\n\t\t\t\t<div class=\"elementor-element elementor-element-48b2f9b exad-sticky-section-no exad-glass-effect-no elementor-widget elementor-widget-image\" data-id=\"48b2f9b\" data-element_type=\"widget\" data-widget_type=\"image.default\">\n\t\t\t\t<div class=\"elementor-widget-container\">\n\t\t\t\t\t\t\t\t\t\t\t\t\t\t\t<img decoding=\"async\" width=\"900\" height=\"900\" src=\"https:\/\/mgagarquitectos.com\/website\/wp-content\/uploads\/2025\/01\/ANDRES-1024x1024.jpg\" class=\"attachment-large size-large wp-image-8358\" alt=\"\" srcset=\"https:\/\/mgagarquitectos.com\/website\/wp-content\/uploads\/2025\/01\/ANDRES-1024x1024.jpg 1024w, https:\/\/mgagarquitectos.com\/website\/wp-content\/uploads\/2025\/01\/ANDRES-300x300.jpg 300w, https:\/\/mgagarquitectos.com\/website\/wp-content\/uploads\/2025\/01\/ANDRES-150x150.jpg 150w, https:\/\/mgagarquitectos.com\/website\/wp-content\/uploads\/2025\/01\/ANDRES-768x768.jpg 768w, https:\/\/mgagarquitectos.com\/website\/wp-content\/uploads\/2025\/01\/ANDRES-1536x1536.jpg 1536w, https:\/\/mgagarquitectos.com\/website\/wp-content\/uploads\/2025\/01\/ANDRES-160x160.jpg 160w, https:\/\/mgagarquitectos.com\/website\/wp-content\/uploads\/2025\/01\/ANDRES-320x320.jpg 320w, https:\/\/mgagarquitectos.com\/website\/wp-content\/uploads\/2025\/01\/ANDRES-500x500.jpg 500w, https:\/\/mgagarquitectos.com\/website\/wp-content\/uploads\/2025\/01\/ANDRES.jpg 2000w\" sizes=\"(max-width: 900px) 100vw, 900px\" \/>\t\t\t\t\t\t\t\t\t\t\t\t\t\t\t<\/div>\n\t\t\t\t<\/div>\n\t\t\t\t<div class=\"elementor-element elementor-element-c5c6380 exad-sticky-section-no exad-glass-effect-no elementor-widget elementor-widget-heading\" data-id=\"c5c6380\" data-element_type=\"widget\" data-widget_type=\"heading.default\">\n\t\t\t\t<div class=\"elementor-widget-container\">\n\t\t\t\t\t<h2 class=\"elementor-heading-title elementor-size-default\">ANDRES GARC\u00cdA<\/h2>\t\t\t\t<\/div>\n\t\t\t\t<\/div>\n\t\t\t\t<div class=\"elementor-element elementor-element-1a01df7 exad-sticky-section-no exad-glass-effect-no elementor-widget elementor-widget-text-editor\" data-id=\"1a01df7\" data-element_type=\"widget\" data-widget_type=\"text-editor.default\">\n\t\t\t\t<div class=\"elementor-widget-container\">\n\t\t\t\t\t\t\t\t\t<p><span style=\"color: #999999;\">Es arquitecto por la Universidad de Navarra y ha trabajado en varios de los estudios de arquitectura m\u00e1s prestigiosos a nivel nacional, participando en concursos internacionales de arquitectura en China, Polonia, Ecuador, Italia, Alemania y Francia.<\/span><\/p>\t\t\t\t\t\t\t\t<\/div>\n\t\t\t\t<\/div>\n\t\t\t\t<\/div>\n\t\t<div class=\"has_eae_slider elementor-element elementor-element-604e510 e-con-full e-flex e-con e-child\" data-id=\"604e510\" data-element_type=\"container\">\n\t\t\t\t<div class=\"elementor-element elementor-element-297be85 exad-sticky-section-no exad-glass-effect-no elementor-widget elementor-widget-image\" data-id=\"297be85\" data-element_type=\"widget\" data-widget_type=\"image.default\">\n\t\t\t\t<div class=\"elementor-widget-container\">\n\t\t\t\t\t\t\t\t\t\t\t\t\t\t\t<img decoding=\"async\" width=\"900\" height=\"900\" src=\"https:\/\/mgagarquitectos.com\/website\/wp-content\/uploads\/2025\/01\/VERONICA-1024x1024.jpg\" class=\"attachment-large size-large wp-image-8365\" alt=\"\" srcset=\"https:\/\/mgagarquitectos.com\/website\/wp-content\/uploads\/2025\/01\/VERONICA-1024x1024.jpg 1024w, https:\/\/mgagarquitectos.com\/website\/wp-content\/uploads\/2025\/01\/VERONICA-300x300.jpg 300w, https:\/\/mgagarquitectos.com\/website\/wp-content\/uploads\/2025\/01\/VERONICA-150x150.jpg 150w, https:\/\/mgagarquitectos.com\/website\/wp-content\/uploads\/2025\/01\/VERONICA-768x768.jpg 768w, https:\/\/mgagarquitectos.com\/website\/wp-content\/uploads\/2025\/01\/VERONICA-1536x1536.jpg 1536w, https:\/\/mgagarquitectos.com\/website\/wp-content\/uploads\/2025\/01\/VERONICA-160x160.jpg 160w, https:\/\/mgagarquitectos.com\/website\/wp-content\/uploads\/2025\/01\/VERONICA-320x320.jpg 320w, https:\/\/mgagarquitectos.com\/website\/wp-content\/uploads\/2025\/01\/VERONICA-500x500.jpg 500w, https:\/\/mgagarquitectos.com\/website\/wp-content\/uploads\/2025\/01\/VERONICA.jpg 2000w\" sizes=\"(max-width: 900px) 100vw, 900px\" \/>\t\t\t\t\t\t\t\t\t\t\t\t\t\t\t<\/div>\n\t\t\t\t<\/div>\n\t\t\t\t<div class=\"elementor-element elementor-element-f3d0997 exad-sticky-section-no exad-glass-effect-no elementor-widget elementor-widget-heading\" data-id=\"f3d0997\" data-element_type=\"widget\" data-widget_type=\"heading.default\">\n\t\t\t\t<div class=\"elementor-widget-container\">\n\t\t\t\t\t<h2 class=\"elementor-heading-title elementor-size-default\">VERONICA FERNANDEZ\n<\/h2>\t\t\t\t<\/div>\n\t\t\t\t<\/div>\n\t\t\t\t<div class=\"elementor-element elementor-element-2a5e2fe exad-sticky-section-no exad-glass-effect-no elementor-widget elementor-widget-text-editor\" data-id=\"2a5e2fe\" data-element_type=\"widget\" data-widget_type=\"text-editor.default\">\n\t\t\t\t<div class=\"elementor-widget-container\">\n\t\t\t\t\t\t\t\t\t<p><span style=\"color: #999999;\">Arquitecta &#8211; Facultad de Arquitectura y Urbanismo, Universidad Nacional de La Plata, Argentina.<\/span><br \/><span style=\"color: #999999;\">15 a\u00f1os\u00a0de\u00a0experiencia<\/span><\/p>\t\t\t\t\t\t\t\t<\/div>\n\t\t\t\t<\/div>\n\t\t\t\t<\/div>\n\t\t<div class=\"has_eae_slider elementor-element elementor-element-f91af2d e-con-full e-flex e-con e-child\" data-id=\"f91af2d\" data-element_type=\"container\">\n\t\t\t\t<div class=\"elementor-element elementor-element-fd2ed4f exad-sticky-section-no exad-glass-effect-no elementor-widget elementor-widget-image\" data-id=\"fd2ed4f\" data-element_type=\"widget\" data-widget_type=\"image.default\">\n\t\t\t\t<div class=\"elementor-widget-container\">\n\t\t\t\t\t\t\t\t\t\t\t\t\t\t\t<img loading=\"lazy\" decoding=\"async\" width=\"900\" height=\"900\" src=\"https:\/\/mgagarquitectos.com\/website\/wp-content\/uploads\/2025\/01\/NIKOLETTA--1024x1024.jpg\" class=\"attachment-large size-large wp-image-8364\" alt=\"\" srcset=\"https:\/\/mgagarquitectos.com\/website\/wp-content\/uploads\/2025\/01\/NIKOLETTA--1024x1024.jpg 1024w, https:\/\/mgagarquitectos.com\/website\/wp-content\/uploads\/2025\/01\/NIKOLETTA--300x300.jpg 300w, https:\/\/mgagarquitectos.com\/website\/wp-content\/uploads\/2025\/01\/NIKOLETTA--150x150.jpg 150w, https:\/\/mgagarquitectos.com\/website\/wp-content\/uploads\/2025\/01\/NIKOLETTA--768x768.jpg 768w, https:\/\/mgagarquitectos.com\/website\/wp-content\/uploads\/2025\/01\/NIKOLETTA--1536x1536.jpg 1536w, https:\/\/mgagarquitectos.com\/website\/wp-content\/uploads\/2025\/01\/NIKOLETTA--160x160.jpg 160w, https:\/\/mgagarquitectos.com\/website\/wp-content\/uploads\/2025\/01\/NIKOLETTA--320x320.jpg 320w, https:\/\/mgagarquitectos.com\/website\/wp-content\/uploads\/2025\/01\/NIKOLETTA--500x500.jpg 500w, https:\/\/mgagarquitectos.com\/website\/wp-content\/uploads\/2025\/01\/NIKOLETTA-.jpg 2000w\" sizes=\"(max-width: 900px) 100vw, 900px\" \/>\t\t\t\t\t\t\t\t\t\t\t\t\t\t\t<\/div>\n\t\t\t\t<\/div>\n\t\t\t\t<div class=\"elementor-element elementor-element-9d30b93 exad-sticky-section-no exad-glass-effect-no elementor-widget elementor-widget-heading\" data-id=\"9d30b93\" data-element_type=\"widget\" data-widget_type=\"heading.default\">\n\t\t\t\t<div class=\"elementor-widget-container\">\n\t\t\t\t\t<h2 class=\"elementor-heading-title elementor-size-default\">NIKOLETTA DIAMANTOU<\/h2>\t\t\t\t<\/div>\n\t\t\t\t<\/div>\n\t\t\t\t<div class=\"elementor-element elementor-element-6d90b41 exad-sticky-section-no exad-glass-effect-no elementor-widget elementor-widget-text-editor\" data-id=\"6d90b41\" data-element_type=\"widget\" data-widget_type=\"text-editor.default\">\n\t\t\t\t<div class=\"elementor-widget-container\">\n\t\t\t\t\t\t\t\t\t<p><span style=\"color: #999999;\">Arquitecta por Departamento de Arquitectura de la Universidad Polit\u00e9cnica de Tesalia (Grecia)<\/span><br \/><span style=\"color: #999999;\">4 a\u00f1os de experiencia<\/span><br \/><span style=\"color: #999999;\">Idiomas: Griego, Ingl\u00e9s, Castellano.<\/span><\/p>\t\t\t\t\t\t\t\t<\/div>\n\t\t\t\t<\/div>\n\t\t\t\t<\/div>\n\t\t<div class=\"has_eae_slider elementor-element elementor-element-9ff2044 e-con-full e-flex e-con e-child\" data-id=\"9ff2044\" data-element_type=\"container\">\n\t\t\t\t<div class=\"elementor-element elementor-element-690861c exad-sticky-section-no exad-glass-effect-no elementor-widget elementor-widget-image\" data-id=\"690861c\" data-element_type=\"widget\" data-widget_type=\"image.default\">\n\t\t\t\t<div class=\"elementor-widget-container\">\n\t\t\t\t\t\t\t\t\t\t\t\t\t\t\t<img loading=\"lazy\" decoding=\"async\" width=\"900\" height=\"900\" src=\"https:\/\/mgagarquitectos.com\/website\/wp-content\/uploads\/2025\/01\/JORGE-1024x1024.jpg\" class=\"attachment-large size-large wp-image-8362\" alt=\"\" srcset=\"https:\/\/mgagarquitectos.com\/website\/wp-content\/uploads\/2025\/01\/JORGE-1024x1024.jpg 1024w, https:\/\/mgagarquitectos.com\/website\/wp-content\/uploads\/2025\/01\/JORGE-300x300.jpg 300w, https:\/\/mgagarquitectos.com\/website\/wp-content\/uploads\/2025\/01\/JORGE-150x150.jpg 150w, https:\/\/mgagarquitectos.com\/website\/wp-content\/uploads\/2025\/01\/JORGE-768x768.jpg 768w, https:\/\/mgagarquitectos.com\/website\/wp-content\/uploads\/2025\/01\/JORGE-1536x1536.jpg 1536w, https:\/\/mgagarquitectos.com\/website\/wp-content\/uploads\/2025\/01\/JORGE-160x160.jpg 160w, https:\/\/mgagarquitectos.com\/website\/wp-content\/uploads\/2025\/01\/JORGE-320x320.jpg 320w, https:\/\/mgagarquitectos.com\/website\/wp-content\/uploads\/2025\/01\/JORGE-500x500.jpg 500w, https:\/\/mgagarquitectos.com\/website\/wp-content\/uploads\/2025\/01\/JORGE.jpg 2000w\" sizes=\"(max-width: 900px) 100vw, 900px\" \/>\t\t\t\t\t\t\t\t\t\t\t\t\t\t\t<\/div>\n\t\t\t\t<\/div>\n\t\t\t\t<div class=\"elementor-element elementor-element-ece5d83 exad-sticky-section-no exad-glass-effect-no elementor-widget elementor-widget-heading\" data-id=\"ece5d83\" data-element_type=\"widget\" data-widget_type=\"heading.default\">\n\t\t\t\t<div class=\"elementor-widget-container\">\n\t\t\t\t\t<h2 class=\"elementor-heading-title elementor-size-default\">JORGE MORENO<\/h2>\t\t\t\t<\/div>\n\t\t\t\t<\/div>\n\t\t\t\t<div class=\"elementor-element elementor-element-7dd27df exad-sticky-section-no exad-glass-effect-no elementor-widget elementor-widget-text-editor\" data-id=\"7dd27df\" data-element_type=\"widget\" data-widget_type=\"text-editor.default\">\n\t\t\t\t<div class=\"elementor-widget-container\">\n\t\t\t\t\t\t\t\t\t<p><span style=\"color: #999999;\">Arquitecto por la Universidad Polit\u00e9cnica de Valencia (ETSAV).<\/span><br \/><span style=\"color: #999999;\">Estudio internacional en Universit\u00e0 Roma TRE (Italia)<\/span><br \/><span style=\"color: #999999;\">M\u00e1ster en arquitectura y patrimonio por la ENSAP de Lille (Francia)<\/span><br \/><span style=\"color: #999999;\">3 a\u00f1os de experiencia<\/span><br \/><span style=\"color: #999999;\">Idiomas: Castellano, Valenci\u00e0, Ingl\u00e9s, Franc\u00e9s\u00a0e\u00a0Italiano.<\/span><\/p>\t\t\t\t\t\t\t\t<\/div>\n\t\t\t\t<\/div>\n\t\t\t\t<\/div>\n\t\t\t\t\t<\/div>\n\t\t\t\t<\/div>\n\t\t<div class=\"has_eae_slider elementor-element elementor-element-1333144 e-flex e-con-boxed e-con e-parent\" data-id=\"1333144\" data-element_type=\"container\">\n\t\t\t\t\t<div class=\"e-con-inner\">\n\t\t<div class=\"has_eae_slider elementor-element elementor-element-86fa722 e-con-full e-flex e-con e-child\" data-id=\"86fa722\" data-element_type=\"container\">\n\t\t\t\t<div class=\"elementor-element elementor-element-537004d exad-sticky-section-no exad-glass-effect-no elementor-widget elementor-widget-image\" data-id=\"537004d\" data-element_type=\"widget\" data-widget_type=\"image.default\">\n\t\t\t\t<div class=\"elementor-widget-container\">\n\t\t\t\t\t\t\t\t\t\t\t\t\t\t\t<img loading=\"lazy\" decoding=\"async\" width=\"900\" height=\"900\" src=\"https:\/\/mgagarquitectos.com\/website\/wp-content\/uploads\/2025\/01\/JOANNA-1024x1024.jpg\" class=\"attachment-large size-large wp-image-8360\" alt=\"\" srcset=\"https:\/\/mgagarquitectos.com\/website\/wp-content\/uploads\/2025\/01\/JOANNA-1024x1024.jpg 1024w, https:\/\/mgagarquitectos.com\/website\/wp-content\/uploads\/2025\/01\/JOANNA-300x300.jpg 300w, https:\/\/mgagarquitectos.com\/website\/wp-content\/uploads\/2025\/01\/JOANNA-150x150.jpg 150w, https:\/\/mgagarquitectos.com\/website\/wp-content\/uploads\/2025\/01\/JOANNA-768x768.jpg 768w, https:\/\/mgagarquitectos.com\/website\/wp-content\/uploads\/2025\/01\/JOANNA-1536x1536.jpg 1536w, https:\/\/mgagarquitectos.com\/website\/wp-content\/uploads\/2025\/01\/JOANNA-160x160.jpg 160w, https:\/\/mgagarquitectos.com\/website\/wp-content\/uploads\/2025\/01\/JOANNA-320x320.jpg 320w, https:\/\/mgagarquitectos.com\/website\/wp-content\/uploads\/2025\/01\/JOANNA-500x500.jpg 500w, https:\/\/mgagarquitectos.com\/website\/wp-content\/uploads\/2025\/01\/JOANNA.jpg 2000w\" sizes=\"(max-width: 900px) 100vw, 900px\" \/>\t\t\t\t\t\t\t\t\t\t\t\t\t\t\t<\/div>\n\t\t\t\t<\/div>\n\t\t\t\t<div class=\"elementor-element elementor-element-4a53e93 exad-sticky-section-no exad-glass-effect-no elementor-widget elementor-widget-heading\" data-id=\"4a53e93\" data-element_type=\"widget\" data-widget_type=\"heading.default\">\n\t\t\t\t<div class=\"elementor-widget-container\">\n\t\t\t\t\t<h2 class=\"elementor-heading-title elementor-size-default\">JOANNA BIALK<\/h2>\t\t\t\t<\/div>\n\t\t\t\t<\/div>\n\t\t\t\t<div class=\"elementor-element elementor-element-f9ad67c exad-sticky-section-no exad-glass-effect-no elementor-widget elementor-widget-text-editor\" data-id=\"f9ad67c\" data-element_type=\"widget\" data-widget_type=\"text-editor.default\">\n\t\t\t\t<div class=\"elementor-widget-container\">\n\t\t\t\t\t\t\t\t\t<p><span style=\"color: #999999;\">Arquitecta por la Universidad Polit\u00e9cnica de Gda\u0144sk (Poland)<\/span><br \/><span style=\"color: #999999;\">M\u00e1ster en dise\u00f1o de Interiores en la Academia de Bellas Artes de Gda\u0144sk (Poland). Estudio internacional en el Instituto Universitario de Lisboa (Portugal).<\/span><br \/><span style=\"color: #999999;\">Idiomas: polaco, ingl\u00e9s.<\/span><\/p>\t\t\t\t\t\t\t\t<\/div>\n\t\t\t\t<\/div>\n\t\t\t\t<\/div>\n\t\t<div class=\"has_eae_slider elementor-element elementor-element-2a444fb e-con-full e-flex e-con e-child\" data-id=\"2a444fb\" data-element_type=\"container\">\n\t\t\t\t<div class=\"elementor-element elementor-element-cc12511 exad-sticky-section-no exad-glass-effect-no elementor-widget elementor-widget-image\" data-id=\"cc12511\" data-element_type=\"widget\" data-widget_type=\"image.default\">\n\t\t\t\t<div class=\"elementor-widget-container\">\n\t\t\t\t\t\t\t\t\t\t\t\t\t\t\t<img loading=\"lazy\" decoding=\"async\" width=\"900\" height=\"900\" src=\"https:\/\/mgagarquitectos.com\/website\/wp-content\/uploads\/2025\/01\/ASIA--1024x1024.jpg\" class=\"attachment-large size-large wp-image-8359\" alt=\"\" srcset=\"https:\/\/mgagarquitectos.com\/website\/wp-content\/uploads\/2025\/01\/ASIA--1024x1024.jpg 1024w, https:\/\/mgagarquitectos.com\/website\/wp-content\/uploads\/2025\/01\/ASIA--300x300.jpg 300w, https:\/\/mgagarquitectos.com\/website\/wp-content\/uploads\/2025\/01\/ASIA--150x150.jpg 150w, https:\/\/mgagarquitectos.com\/website\/wp-content\/uploads\/2025\/01\/ASIA--768x768.jpg 768w, https:\/\/mgagarquitectos.com\/website\/wp-content\/uploads\/2025\/01\/ASIA--1536x1536.jpg 1536w, https:\/\/mgagarquitectos.com\/website\/wp-content\/uploads\/2025\/01\/ASIA--160x160.jpg 160w, https:\/\/mgagarquitectos.com\/website\/wp-content\/uploads\/2025\/01\/ASIA--320x320.jpg 320w, https:\/\/mgagarquitectos.com\/website\/wp-content\/uploads\/2025\/01\/ASIA--500x500.jpg 500w, https:\/\/mgagarquitectos.com\/website\/wp-content\/uploads\/2025\/01\/ASIA-.jpg 2000w\" sizes=\"(max-width: 900px) 100vw, 900px\" \/>\t\t\t\t\t\t\t\t\t\t\t\t\t\t\t<\/div>\n\t\t\t\t<\/div>\n\t\t\t\t<div class=\"elementor-element elementor-element-a3e33a8 exad-sticky-section-no exad-glass-effect-no elementor-widget elementor-widget-heading\" data-id=\"a3e33a8\" data-element_type=\"widget\" data-widget_type=\"heading.default\">\n\t\t\t\t<div class=\"elementor-widget-container\">\n\t\t\t\t\t<h2 class=\"elementor-heading-title elementor-size-default\">\nJOANNA KRUSZCZY\u0143SKA\n<\/h2>\t\t\t\t<\/div>\n\t\t\t\t<\/div>\n\t\t\t\t<div class=\"elementor-element elementor-element-4369f65 exad-sticky-section-no exad-glass-effect-no elementor-widget elementor-widget-text-editor\" data-id=\"4369f65\" data-element_type=\"widget\" data-widget_type=\"text-editor.default\">\n\t\t\t\t<div class=\"elementor-widget-container\">\n\t\t\t\t\t\t\t\t\t<p><span style=\"color: #999999;\">Arquitecta por la Universidad Polit\u00e9cnica de Gdansk (Polonia)<\/span><br \/><span style=\"color: #999999;\">Estudio internacional en Vrije Universiteit Brussel (B\u00e9lgica)<\/span><br \/><span style=\"color: #999999;\">2 a\u00f1os de experiencia.<\/span><br \/><span style=\"color: #999999;\">Idiomas: Polaco, Ingl\u00e9s,\u00a0Castellano<\/span><\/p>\t\t\t\t\t\t\t\t<\/div>\n\t\t\t\t<\/div>\n\t\t\t\t<\/div>\n\t\t<div class=\"has_eae_slider elementor-element elementor-element-c828c8c e-con-full e-flex e-con e-child\" data-id=\"c828c8c\" data-element_type=\"container\">\n\t\t\t\t<div class=\"elementor-element elementor-element-1740ce4 exad-sticky-section-no exad-glass-effect-no elementor-widget elementor-widget-image\" data-id=\"1740ce4\" data-element_type=\"widget\" data-widget_type=\"image.default\">\n\t\t\t\t<div class=\"elementor-widget-container\">\n\t\t\t\t\t\t\t\t\t\t\t\t\t\t\t<img loading=\"lazy\" decoding=\"async\" width=\"900\" height=\"900\" src=\"https:\/\/mgagarquitectos.com\/website\/wp-content\/uploads\/2025\/01\/MIGUEL-1024x1024.jpg\" class=\"attachment-large size-large wp-image-8363\" alt=\"\" srcset=\"https:\/\/mgagarquitectos.com\/website\/wp-content\/uploads\/2025\/01\/MIGUEL-1024x1024.jpg 1024w, https:\/\/mgagarquitectos.com\/website\/wp-content\/uploads\/2025\/01\/MIGUEL-300x300.jpg 300w, https:\/\/mgagarquitectos.com\/website\/wp-content\/uploads\/2025\/01\/MIGUEL-150x150.jpg 150w, https:\/\/mgagarquitectos.com\/website\/wp-content\/uploads\/2025\/01\/MIGUEL-768x768.jpg 768w, https:\/\/mgagarquitectos.com\/website\/wp-content\/uploads\/2025\/01\/MIGUEL-1536x1536.jpg 1536w, https:\/\/mgagarquitectos.com\/website\/wp-content\/uploads\/2025\/01\/MIGUEL-160x160.jpg 160w, https:\/\/mgagarquitectos.com\/website\/wp-content\/uploads\/2025\/01\/MIGUEL-320x320.jpg 320w, https:\/\/mgagarquitectos.com\/website\/wp-content\/uploads\/2025\/01\/MIGUEL-500x500.jpg 500w, https:\/\/mgagarquitectos.com\/website\/wp-content\/uploads\/2025\/01\/MIGUEL.jpg 2000w\" sizes=\"(max-width: 900px) 100vw, 900px\" \/>\t\t\t\t\t\t\t\t\t\t\t\t\t\t\t<\/div>\n\t\t\t\t<\/div>\n\t\t\t\t<div class=\"elementor-element elementor-element-fd85be4 exad-sticky-section-no exad-glass-effect-no elementor-widget elementor-widget-heading\" data-id=\"fd85be4\" data-element_type=\"widget\" data-widget_type=\"heading.default\">\n\t\t\t\t<div class=\"elementor-widget-container\">\n\t\t\t\t\t<h2 class=\"elementor-heading-title elementor-size-default\">MIGUEL GARC\u00cdA<\/h2>\t\t\t\t<\/div>\n\t\t\t\t<\/div>\n\t\t\t\t<div class=\"elementor-element elementor-element-db72686 exad-sticky-section-no exad-glass-effect-no elementor-widget elementor-widget-text-editor\" data-id=\"db72686\" data-element_type=\"widget\" data-widget_type=\"text-editor.default\">\n\t\t\t\t<div class=\"elementor-widget-container\">\n\t\t\t\t\t\t\t\t\t<p><span style=\"color: #999999;\">Es arquitecto por la Universidad de Navarra y m\u00e1ster en Direcci\u00f3n de Empresas, Constructoras e Inmobiliarias por la Universidad Polit\u00e9cnica de Madrid. Lleva m\u00e1s de 40 a\u00f1os de ejerciendo la profesi\u00f3n en Ibiza, en donde ha construido m\u00e1s de un centenar de viviendas&#8230;<\/span><\/p>\t\t\t\t\t\t\t\t<\/div>\n\t\t\t\t<\/div>\n\t\t\t\t<\/div>\n\t\t<div class=\"has_eae_slider elementor-element elementor-element-af401e9 e-con-full e-flex e-con e-child\" data-id=\"af401e9\" data-element_type=\"container\">\n\t\t\t\t<div class=\"elementor-element elementor-element-48856b4 exad-sticky-section-no exad-glass-effect-no elementor-widget elementor-widget-image\" data-id=\"48856b4\" data-element_type=\"widget\" data-widget_type=\"image.default\">\n\t\t\t\t<div class=\"elementor-widget-container\">\n\t\t\t\t\t\t\t\t\t\t\t\t\t\t\t<img loading=\"lazy\" decoding=\"async\" width=\"900\" height=\"900\" src=\"https:\/\/mgagarquitectos.com\/website\/wp-content\/uploads\/2025\/01\/JOLKA-1024x1024.jpg\" class=\"attachment-large size-large wp-image-8361\" alt=\"\" srcset=\"https:\/\/mgagarquitectos.com\/website\/wp-content\/uploads\/2025\/01\/JOLKA-1024x1024.jpg 1024w, https:\/\/mgagarquitectos.com\/website\/wp-content\/uploads\/2025\/01\/JOLKA-300x300.jpg 300w, https:\/\/mgagarquitectos.com\/website\/wp-content\/uploads\/2025\/01\/JOLKA-150x150.jpg 150w, https:\/\/mgagarquitectos.com\/website\/wp-content\/uploads\/2025\/01\/JOLKA-768x768.jpg 768w, https:\/\/mgagarquitectos.com\/website\/wp-content\/uploads\/2025\/01\/JOLKA-1536x1536.jpg 1536w, https:\/\/mgagarquitectos.com\/website\/wp-content\/uploads\/2025\/01\/JOLKA-160x160.jpg 160w, https:\/\/mgagarquitectos.com\/website\/wp-content\/uploads\/2025\/01\/JOLKA-320x320.jpg 320w, https:\/\/mgagarquitectos.com\/website\/wp-content\/uploads\/2025\/01\/JOLKA-500x500.jpg 500w, https:\/\/mgagarquitectos.com\/website\/wp-content\/uploads\/2025\/01\/JOLKA.jpg 2000w\" sizes=\"(max-width: 900px) 100vw, 900px\" \/>\t\t\t\t\t\t\t\t\t\t\t\t\t\t\t<\/div>\n\t\t\t\t<\/div>\n\t\t\t\t<div class=\"elementor-element elementor-element-59ef357 exad-sticky-section-no exad-glass-effect-no elementor-widget elementor-widget-heading\" data-id=\"59ef357\" data-element_type=\"widget\" data-widget_type=\"heading.default\">\n\t\t\t\t<div class=\"elementor-widget-container\">\n\t\t\t\t\t<h2 class=\"elementor-heading-title elementor-size-default\">JOLKA<\/h2>\t\t\t\t<\/div>\n\t\t\t\t<\/div>\n\t\t\t\t<div class=\"elementor-element elementor-element-b34cd34 exad-sticky-section-no exad-glass-effect-no elementor-widget elementor-widget-text-editor\" data-id=\"b34cd34\" data-element_type=\"widget\" data-widget_type=\"text-editor.default\">\n\t\t\t\t<div class=\"elementor-widget-container\">\n\t\t\t\t\t\t\t\t\t<p><span style=\"color: #999999;\">Jolka es una dachshund excepcional, graduada en el arte de la siesta por la Universidad del Sof\u00e1 de Casa. \u00a0M\u00e1ster en Monopolizaci\u00f3n de la Atenci\u00f3n, Ladra con soltura en castellano, gru\u00f1e en valenci\u00e0 y entiende perfectamente los susurros de ingl\u00e9s, franc\u00e9s y alem\u00e1n.<\/span><\/p>\t\t\t\t\t\t\t\t<\/div>\n\t\t\t\t<\/div>\n\t\t\t\t<\/div>\n\t\t\t\t\t<\/div>\n\t\t\t\t<\/div>\n\t\t\t\t<\/div>\n\t\t","protected":false},"excerpt":{"rendered":"<p>ANDRES GARC\u00cdA Es arquitecto por la Universidad de Navarra y ha trabajado en varios de los estudios de arquitectura m\u00e1s prestigiosos a nivel nacional, participando en concursos internacionales de arquitectura en China, Polonia, Ecuador, Italia, Alemania y Francia. VERONICA FERNANDEZ Arquitecta &#8211; Facultad de Arquitectura y Urbanismo, Universidad Nacional de La Plata, Argentina. 15 a\u00f1os\u00a0de\u00a0experiencia [&hellip;]<\/p>\n","protected":false},"author":8,"featured_media":0,"parent":0,"menu_order":0,"comment_status":"closed","ping_status":"closed","template":"page-templates\/home-sidebar-template.php","meta":{"inline_featured_image":false,"footnotes":""},"class_list":["post-8356","page","type-page","status-publish","hentry"],"_links":{"self":[{"href":"https:\/\/mgagarquitectos.com\/website\/wp-json\/wp\/v2\/pages\/8356","targetHints":{"allow":["GET"]}}],"collection":[{"href":"https:\/\/mgagarquitectos.com\/website\/wp-json\/wp\/v2\/pages"}],"about":[{"href":"https:\/\/mgagarquitectos.com\/website\/wp-json\/wp\/v2\/types\/page"}],"author":[{"embeddable":true,"href":"https:\/\/mgagarquitectos.com\/website\/wp-json\/wp\/v2\/users\/8"}],"replies":[{"embeddable":true,"href":"https:\/\/mgagarquitectos.com\/website\/wp-json\/wp\/v2\/comments?post=8356"}],"version-history":[{"count":38,"href":"https:\/\/mgagarquitectos.com\/website\/wp-json\/wp\/v2\/pages\/8356\/revisions"}],"predecessor-version":[{"id":12499,"href":"https:\/\/mgagarquitectos.com\/website\/wp-json\/wp\/v2\/pages\/8356\/revisions\/12499"}],"wp:attachment":[{"href":"https:\/\/mgagarquitectos.com\/website\/wp-json\/wp\/v2\/media?parent=8356"}],"curies":[{"name":"wp","href":"https:\/\/api.w.org\/{rel}","templated":true}]}}